{"id":248,"date":"2016-10-13T18:27:43","date_gmt":"2016-10-13T18:27:43","guid":{"rendered":"https:\/\/skolapios.org\/misi\/"},"modified":"2020-10-30T08:40:15","modified_gmt":"2020-10-30T08:40:15","slug":"missao","status":"publish","type":"page","link":"https:\/\/skolapios.org\/pt-pt\/missao\/","title":{"rendered":"Miss\u00e3o"},"content":{"rendered":"<p>N\u00f3s, escol\u00e1pios, descrevemos a nossa miss\u00e3o da seguinte forma:<\/p>\n<p>&nbsp;<\/p>\n<p><em>N\u00f3s, escol\u00e1pios, religiosos e leigos, <\/em><\/p>\n<p><em>\u201ccooperadores da verdade\u201d, <\/em><\/p>\n<p><em>como S\u00e3o Jos\u00e9 de Calasanz, <\/em><\/p>\n<p><em>nos sentimos enviados por Cristo e pela Igreja <\/em><\/p>\n<p><em>para EVANGELIZAR EDUCANDO <\/em><\/p>\n<p><em>desde a primeira inf\u00e2ncia as crian\u00e7as e os jovens, <\/em><\/p>\n<p><em>especialmente pobres, <\/em><\/p>\n<p><em>por meio da integra\u00e7\u00e3o da f\u00e9 e da cultura (Piedade e Letras) <\/em><\/p>\n<p><em>para renovar a Igreja e transformar a sociedade <\/em><\/p>\n<p><em>segundo os valores do Evangelho,<\/em><\/p>\n<p><em>criando irmandade.<\/em><\/p>\n<p><em>N\u00f3s recebemos para isso um carisma que vem de Deus, <\/em><\/p>\n<p><em>uma hist\u00f3ria, uma espiritualidade e uma pedagogia pr\u00f3prias, <\/em><\/p>\n<p><em>pessoas em comunh\u00e3o, escolas e institui\u00e7\u00f5es espec\u00edficas, <\/em><\/p>\n<p><em>que nos permitem tornar presente Jesus mestre <\/em><\/p>\n<p><em>e a maternidade de sua Igreja para os pequenos.<\/em><\/p>\n<p>&nbsp;<\/p>\n<p>Realizamos esta miss\u00e3o de diferentes formas nas nossas presen\u00e7as na Indon\u00e9sia e em Timor Leste, como podem ver.<\/p>\n<p>&nbsp;<\/p>\n","protected":false},"excerpt":{"rendered":"<p>N\u00f3s, escol\u00e1pios, descrevemos a nossa miss\u00e3o da seguinte forma: &nbsp; N\u00f3s, escol\u00e1pios, religiosos e leigos, \u201ccooperadores da verdade\u201d, como S\u00e3o Jos\u00e9 de Calasanz, nos sentimos enviados por Cristo e pela Igreja para EVANGELIZAR EDUCANDO desde a primeira inf\u00e2ncia as crian\u00e7as e os jovens, especialmente pobres, por meio da integra\u00e7\u00e3o da f\u00e9 e da cultura (Piedade [&hellip;]<\/p>\n","protected":false},"author":2,"featured_media":0,"parent":0,"menu_order":0,"comment_status":"closed","ping_status":"closed","template":"","meta":{"_et_pb_use_builder":"","_et_pb_old_content":"","_et_gb_content_width":"","footnotes":""},"class_list":["post-248","page","type-page","status-publish","hentry"],"_links":{"self":[{"href":"https:\/\/skolapios.org\/pt-pt\/wp-json\/wp\/v2\/pages\/248","targetHints":{"allow":["GET"]}}],"collection":[{"href":"https:\/\/skolapios.org\/pt-pt\/wp-json\/wp\/v2\/pages"}],"about":[{"href":"https:\/\/skolapios.org\/pt-pt\/wp-json\/wp\/v2\/types\/page"}],"author":[{"embeddable":true,"href":"https:\/\/skolapios.org\/pt-pt\/wp-json\/wp\/v2\/users\/2"}],"replies":[{"embeddable":true,"href":"https:\/\/skolapios.org\/pt-pt\/wp-json\/wp\/v2\/comments?post=248"}],"version-history":[{"count":0,"href":"https:\/\/skolapios.org\/pt-pt\/wp-json\/wp\/v2\/pages\/248\/revisions"}],"wp:attachment":[{"href":"https:\/\/skolapios.org\/pt-pt\/wp-json\/wp\/v2\/media?parent=248"}],"curies":[{"name":"wp","href":"https:\/\/api.w.org\/{rel}","templated":true}]}}