{"id":325,"date":"2016-10-14T11:58:36","date_gmt":"2016-10-14T11:58:36","guid":{"rendered":"https:\/\/skolapios.org\/panggilan-skolapios\/"},"modified":"2020-10-30T07:23:05","modified_gmt":"2020-10-30T07:23:05","slug":"vocacao-escolapia","status":"publish","type":"page","link":"https:\/\/skolapios.org\/pt-pt\/vocacao-escolapia\/","title":{"rendered":"Voca\u00e7\u00e3o Escol\u00e1pia"},"content":{"rendered":"<p>Ser escol\u00e1pio \u00e9 uma forma concreta de viver o chamado de Deus para anunciar o Evangelho, a presen\u00e7a de Deus entre n\u00f3s e a proximidade do Reino de Deus.\u00a0\u00a0Como toda voca\u00e7\u00e3o, parte do chamado de Deus e tem nossa resposta humilde e generosa.<\/p>\n<p>Nossa maneira de responder quer ser semelhante \u00e0 de nosso fundador, <a href=\"https:\/\/scolopi.org\/en\/calasanz\">S\u00e3o Jos\u00e9 de Calasanz<\/a>, que depois de ver a realidade e sentir que a Palavra de Deus lhe pedia uma resposta &#8211; dizia ele no final do s\u00e9culo XVI: &#8220;Encontrei em Roma o caminho definitivo para servir a Deus, fazendo o bem a estes pequeninos e n\u00e3o o deixarei por nada no mundo&#8221;.<\/p>\n<p>Quando um jovem se sentir chamado a viver esta miss\u00e3o (link para a miss\u00e3o), deve contactar a comunidade de acolhida mais pr\u00f3xima e iniciar um processo de conhecimento m\u00fatuo.\u00a0\u00a0Depois, poder\u00e1 ser admitido ao aspirantado de sua na\u00e7\u00e3o, onde ter\u00e1 uma experi\u00eancia de um ano vivendo, aprendendo e colaborando conosco.\u00a0\u00a0Depois do aspirantado, entra-se na forma\u00e7\u00e3o propriamente dita: pr\u00e9-noviciado (com estudos civis), noviciado em Cebu (Filipinas) e juniorado, no qual se continuam os estudos, civis e eclesi\u00e1sticos.\u00a0\u00a0A forma\u00e7\u00e3o permite-nos conhecer-nos melhor, aprofundar a nossa voca\u00e7\u00e3o em todos os seus aspectos, crescer como pessoas e como religiosos e preparar-nos para a miss\u00e3o.<\/p>\n<p>Poder\u00e1 ver nesta sec\u00e7\u00e3o tanto as pessoas de contacto como os nomes dos jovens que est\u00e3o em forma\u00e7\u00e3o (tamb\u00e9m o lugar e est\u00e1gio).\u00a0\u00a0Voc\u00eas tamb\u00e9m podem conhecer <a href=\"https:\/\/serescolapio.org\/en\">outras experi\u00eancias vocacionais da Ordem.<\/a><\/p>\n","protected":false},"excerpt":{"rendered":"<p>Ser escol\u00e1pio \u00e9 uma forma concreta de viver o chamado de Deus para anunciar o Evangelho, a presen\u00e7a de Deus entre n\u00f3s e a proximidade do Reino de Deus.\u00a0\u00a0Como toda voca\u00e7\u00e3o, parte do chamado de Deus e tem nossa resposta humilde e generosa. Nossa maneira de responder quer ser semelhante \u00e0 de nosso fundador, S\u00e3o [&hellip;]<\/p>\n","protected":false},"author":2,"featured_media":317,"parent":0,"menu_order":0,"comment_status":"closed","ping_status":"closed","template":"","meta":{"_et_pb_use_builder":"","_et_pb_old_content":"","_et_gb_content_width":"","footnotes":""},"class_list":["post-325","page","type-page","status-publish","has-post-thumbnail","hentry"],"_links":{"self":[{"href":"https:\/\/skolapios.org\/pt-pt\/wp-json\/wp\/v2\/pages\/325","targetHints":{"allow":["GET"]}}],"collection":[{"href":"https:\/\/skolapios.org\/pt-pt\/wp-json\/wp\/v2\/pages"}],"about":[{"href":"https:\/\/skolapios.org\/pt-pt\/wp-json\/wp\/v2\/types\/page"}],"author":[{"embeddable":true,"href":"https:\/\/skolapios.org\/pt-pt\/wp-json\/wp\/v2\/users\/2"}],"replies":[{"embeddable":true,"href":"https:\/\/skolapios.org\/pt-pt\/wp-json\/wp\/v2\/comments?post=325"}],"version-history":[{"count":0,"href":"https:\/\/skolapios.org\/pt-pt\/wp-json\/wp\/v2\/pages\/325\/revisions"}],"wp:featuredmedia":[{"embeddable":true,"href":"https:\/\/skolapios.org\/pt-pt\/wp-json\/wp\/v2\/media\/317"}],"wp:attachment":[{"href":"https:\/\/skolapios.org\/pt-pt\/wp-json\/wp\/v2\/media?parent=325"}],"curies":[{"name":"wp","href":"https:\/\/api.w.org\/{rel}","templated":true}]}}