{"id":164,"date":"2016-10-13T18:25:56","date_gmt":"2016-10-13T18:25:56","guid":{"rendered":"https:\/\/skolapios.org\/identidade\/"},"modified":"2020-07-30T15:53:12","modified_gmt":"2020-07-30T15:53:12","slug":"identidade","status":"publish","type":"page","link":"https:\/\/skolapios.org\/ttn\/identidade\/","title":{"rendered":"Identidade"},"content":{"rendered":"<p>Ami Orden Relijiozu ida harii iha s\u00e9kulu XVII husi Saun Jos\u00e9 Calasanz (1557-1648) no dedika-an ba evanjelizasaun liu husi edukasaun ba labarik sira no liuliu sira b\u00e9 ki&#8217;ak. T\u00e1nba ne\u2019e mak ami konsagra-an ho votu espesi\u00e1l dahaat.<\/p>\n<p>Saun Jos\u00e9 Calasanz, iha tinan 1948, Amu Papa Pio XII deklara nia nu&#8217;udar \u201cMahein Univers\u00e1l ba eskola Kristaun popular hotu iha mundu\u201d, simu homenajen t\u00e1n loke ona \u201ceskola popular gratis ba dahuluk iha Europa\u201d iha tinan 1597 (Von Pastor). Calasanz proklama direitu labarik sira nian ba edukasaun no kontinua luta ba direitu ida ne\u2019e, t\u00e1n ne\u2019e mak ema haterus nia. Maib\u00e9 nia susesu iha ninia objetivu hodi f\u00f3 resposta ba dezafiu no nesesidade sira iha tempu ne&#8217;eb\u00e1 nian.<\/p>\n<p>Iha 1617 Calasanz harii Kongregasaun Paulina (tamba Amu Papa Paul V mak aprova) Cl\u00e9rigos Regulares dos Pobres da M\u00e3e de Deus das Escolas Pias, ne&#8217;eb\u00e9 ikus mai Amu Papa Gregorio XV hasa\u2019e ba Orden Relijiozu iha 1621 ho naran atu\u00e1l &#8220;Orden Skol\u00e1pios&#8221;. Lalais de&#8217;it, Skol\u00e1pios da\u2019et ba fatin hotu iha It\u00e1lia no Europa sentr\u00e1l. Ohin loron Skol\u00e1pios prezente iha kontinente haat (Europa, Asia, Afrika no Am\u00e9rika). Ami relijiozu hamutuk 1.300 resin.<\/p>\n<p>Akontesimentu in\u00edsiu ida ne&#8217;e la&#8217;o nafatin iha tempu naruk, durante tinan atus haat resin, too mai ita. Skol\u00e1pios sempre harii eskola sira ne&#8217;eb\u00e9 f\u00f3 formasaun ba labarik sira atu sai ema ne&#8217;eb\u00e9 nakloke, tulun-malu, komprometidu no fiar-na\u2019in. Eskola s\u00e9kulu XXI, iha ne&#8217;eb\u00e9 ita hotu hola parte, bele hariku ita-an integralmente iha ita nia kompetensia hotu-hotu, hodi kontribui halo mudansa no halo di&#8217;ak liu-tan ita nia mundu, mundu ida b\u00e9 humanu liu, fraternu liu, tuir Jesus nia Evanjellu.<\/p>\n<p>Misaun ne\u2019e ami la hala&#8217;o mesak. Ami fahe ho leigu rihun-atus resin no kongregasaun relijiozu feto no mane hosi Fam\u00edlia Calas\u00e1nsia nian.<\/p>\n<p>&nbsp;<\/p>\n","protected":false},"excerpt":{"rendered":"<p>Ami Orden Relijiozu ida harii iha s\u00e9kulu XVII husi Saun Jos\u00e9 Calasanz (1557-1648) no dedika-an ba evanjelizasaun liu husi edukasaun ba labarik sira no liuliu sira b\u00e9 ki&#8217;ak. T\u00e1nba ne\u2019e mak ami konsagra-an ho votu espesi\u00e1l dahaat. Saun Jos\u00e9 Calasanz, iha tinan 1948, Amu Papa Pio XII deklara nia nu&#8217;udar \u201cMahein Univers\u00e1l ba eskola Kristaun [&hellip;]<\/p>\n","protected":false},"author":2,"featured_media":0,"parent":0,"menu_order":0,"comment_status":"closed","ping_status":"closed","template":"","meta":{"_et_pb_use_builder":"","_et_pb_old_content":"","_et_gb_content_width":"","footnotes":""},"class_list":["post-164","page","type-page","status-publish","hentry"],"_links":{"self":[{"href":"https:\/\/skolapios.org\/ttn\/wp-json\/wp\/v2\/pages\/164","targetHints":{"allow":["GET"]}}],"collection":[{"href":"https:\/\/skolapios.org\/ttn\/wp-json\/wp\/v2\/pages"}],"about":[{"href":"https:\/\/skolapios.org\/ttn\/wp-json\/wp\/v2\/types\/page"}],"author":[{"embeddable":true,"href":"https:\/\/skolapios.org\/ttn\/wp-json\/wp\/v2\/users\/2"}],"replies":[{"embeddable":true,"href":"https:\/\/skolapios.org\/ttn\/wp-json\/wp\/v2\/comments?post=164"}],"version-history":[{"count":0,"href":"https:\/\/skolapios.org\/ttn\/wp-json\/wp\/v2\/pages\/164\/revisions"}],"wp:attachment":[{"href":"https:\/\/skolapios.org\/ttn\/wp-json\/wp\/v2\/media?parent=164"}],"curies":[{"name":"wp","href":"https:\/\/api.w.org\/{rel}","templated":true}]}}