{"id":250,"date":"2016-10-13T18:27:43","date_gmt":"2016-10-13T18:27:43","guid":{"rendered":"https:\/\/skolapios.org\/missao\/"},"modified":"2020-10-30T08:41:41","modified_gmt":"2020-10-30T08:41:41","slug":"misaun","status":"publish","type":"page","link":"https:\/\/skolapios.org\/ttn\/misaun\/","title":{"rendered":"Misaun"},"content":{"rendered":"<p>Ami, Skolapios, deskreve ami nia misaun hanesan tuir mai ne\u2019e:<\/p>\n<p>Ami, Skol\u00e1pios, relijiozu no leigu sira,<\/p>\n<p>\u201ckolaborad\u00f3r lia-loos\u201d,<\/p>\n<p>hanesan Saun Jos\u00e9 Calasanz,<\/p>\n<p>senti Kristu no Santa Kreda haruka ami atu HAKLAKEN EVANJELLU LIU HUSI EDUKASAUN ba labarik no foinsa&#8217;e sira, liuliu sira b\u00e9 ki&#8217;ak, liu husi integrasaun fiar no kultura (Pietas et literae) atu hafoun Santa Kreda no transforma sosiedade tuir valor sira Evanjellu nian, kria hela fraternidade.<\/p>\n<p>Ba sira, ami simu tiha karisma ida mai husi Maromak, ist\u00f3ria, espiritualidade no pedagojia ida ami nian rasik, ema hotu iha komuniaun, eskola no instituisaun espes\u00edfiku sira, b\u00e9 halo ami sai prezente ba Mestri Jesus no maternidade Santa Kreda nian ba ki&#8217;ik-oan sira.<\/p>\n<p>&nbsp;<\/p>\n<p>Ami ezerse misaun ne\u2019e ho maneira oi-oin iha ami nia prezensa sira iha Indon\u00e9sia no Timor Lorosa\u2019e, hanesan imi bele haree:<\/p>\n","protected":false},"excerpt":{"rendered":"<p>Ami, Skolapios, deskreve ami nia misaun hanesan tuir mai ne\u2019e: Ami, Skol\u00e1pios, relijiozu no leigu sira, \u201ckolaborad\u00f3r lia-loos\u201d, hanesan Saun Jos\u00e9 Calasanz, senti Kristu no Santa Kreda haruka ami atu HAKLAKEN EVANJELLU LIU HUSI EDUKASAUN ba labarik no foinsa&#8217;e sira, liuliu sira b\u00e9 ki&#8217;ak, liu husi integrasaun fiar no kultura (Pietas et literae) atu hafoun [&hellip;]<\/p>\n","protected":false},"author":2,"featured_media":426,"parent":0,"menu_order":0,"comment_status":"closed","ping_status":"closed","template":"","meta":{"_et_pb_use_builder":"","_et_pb_old_content":"","_et_gb_content_width":"","footnotes":""},"class_list":["post-250","page","type-page","status-publish","has-post-thumbnail","hentry"],"_links":{"self":[{"href":"https:\/\/skolapios.org\/ttn\/wp-json\/wp\/v2\/pages\/250","targetHints":{"allow":["GET"]}}],"collection":[{"href":"https:\/\/skolapios.org\/ttn\/wp-json\/wp\/v2\/pages"}],"about":[{"href":"https:\/\/skolapios.org\/ttn\/wp-json\/wp\/v2\/types\/page"}],"author":[{"embeddable":true,"href":"https:\/\/skolapios.org\/ttn\/wp-json\/wp\/v2\/users\/2"}],"replies":[{"embeddable":true,"href":"https:\/\/skolapios.org\/ttn\/wp-json\/wp\/v2\/comments?post=250"}],"version-history":[{"count":0,"href":"https:\/\/skolapios.org\/ttn\/wp-json\/wp\/v2\/pages\/250\/revisions"}],"wp:featuredmedia":[{"embeddable":true,"href":"https:\/\/skolapios.org\/ttn\/wp-json\/wp\/v2\/media\/426"}],"wp:attachment":[{"href":"https:\/\/skolapios.org\/ttn\/wp-json\/wp\/v2\/media?parent=250"}],"curies":[{"name":"wp","href":"https:\/\/api.w.org\/{rel}","templated":true}]}}