{"id":310,"date":"2016-10-13T18:23:12","date_gmt":"2016-10-13T18:23:12","guid":{"rendered":"https:\/\/skolapios.org\/novos-projetos-e-perspectivas-ou-olhando-para-o-futuro-a-presenca-de-escolapios-na-indonesia-e-no-timor-leste-esta-chamada-a-se-desenvolver-contando-com-as-vocacoes-dos-dois-paises-e-com-o-apoio-d\/"},"modified":"2020-10-30T07:02:44","modified_gmt":"2020-10-30T07:02:44","slug":"hateke-ba-futuro","status":"publish","type":"page","link":"https:\/\/skolapios.org\/ttn\/hateke-ba-futuro\/","title":{"rendered":"Hateke ba futuro"},"content":{"rendered":"<p>Prezensa Skolapios sira nian iha Indonesia no Timor Leste habelar-an dadaun hela,\u00a0<strong>konta ho\u00a0<\/strong>vokasaun rasik husi nasaun rua ne\u2019e no ho apoiu husi relijiozu sira ho tinan boot no experiensia husi fatin sira seluk, hanesan agora dadaun iha relijiozu balu (husi Filipinas no Espa\u00f1a), nune \u0301e mos ho apoiu husi Provincia Betania liu husi tulun no prezensa membru Fraternidade sira Provinsial Betania nian.<\/p>\n<p>Hanesan mos iha fatin sira seluk, iha ne \u0301e ami iha\u00a0<strong>dezafiu educativu<\/strong>\u00a0importante barak, nune\u2019e mos ho eskola ho identidade kat\u00f3lica rasik, hanesan iha zona subdesenvolvidu sira konaba estrutura no kualidade edukativa. Iha labarik barak -nune\u2019e mos vokasaun sira, dadaun ne\u2019e- maibe ami presija la\u2019os de\u2019it toos nain sira, maib\u00e9 atu haree ka afina didi\u2019ak mos dizernimentu ba fatin sira no maneira prezensa nian.<\/p>\n<p>Ami iha Klaridade katak servisu furak liu ne\u2019ebe ami bele lori ba oin un\u2019udar Skolapios mak\u00a0<strong>harii Komunidade<\/strong>: Komunidade relijioza ida ne\u2019eb\u00e9 bele nakloke mos ba komunidade krist\u00e1n Skolapia, kria mos komunidade edukativa, Komunidade humana, liu husi komuniaun ne\u2019eb\u00e9 bolu ita hotu-hotu atu haburas liu husi ami nia minist\u00e9riu no relasaun sira, espesialmente, atu halo ami nia labarik estudante sira senti mos hanesan iha Komunidade. Na\u2019i nia prezensa iha ita leet mak garante ba ami nia misaun.<\/p>\n<p>Entre perspectivas sira ba futuru dadaun ne\u2019e iha hela kriasaun\u00a0<strong>Vigariadu Provinsial<\/strong>\u00a0ba Indonesia no Timor-Leste, ne\u2019eb\u00e9 depende ba Provincia Betania. Iha Kap\u00edtulu Provinci\u00e1l liu ba aprova ona estuda posibilidade ida ne\u2019e. Konaba nee, agora dadaun ami hala\u2019o hela reuniaun sira ne\u2019eb\u00e9 tulun hela ami atu buras ka metin iha unidade, reko\u00f1ese dezafiu sira, fahe vizaun no krit\u00e9ria sira.<\/p>\n<p>Ami hanoin katak importante mos atu uma formasaun sira tenki besik ba misaun eskolapia nian balu, iha sentido ida ne\u2019e, ami konsidera importante loke ami-an ba\u00a0<strong>misaun<\/strong>\u00a0skolapia iha\u00a0<strong>Jogjakarta<\/strong>\u00a0ne\u2019ebe hariku ami nia prezensa no formasaun.<\/p>\n<p><strong>Fundasaun iha Dili<\/strong>\u00a0(Timor Leste), neineik f\u00f3 dadaun hela ninia pasu; ami hetan ona permisu oral husi Arsebispu Dili nian atu bele continua serbisu ho ami nia kandidatu sira ne\u2019eb\u00e9 hela iha sidade no hein katak iha tempu badak ami bele iha destinasaun serbisu ministeri\u00e1l nian. Maib\u00e9 dadaun ne\u2019e ami mos buka hela fatin balu, akompa\u00f1a kandidatu sira no aprende lian (Portugues no Tetun).<\/p>\n<p><strong>Sustentabilidade<\/strong>\u00a0hanesan kriteriu ida ne\u2019eb\u00e9 importante iha ami nia prezensa sira, no ida ne\u2019e inklui aspektu vokasional, maib\u00e9 mos iha ekon\u00f3miku. Klaru katak ami nia prezensa labele sustenta an rasik bainhira iha uma formasaun sira, tamba kustu no numeru, biar ho austeridade sira ne\u2019eb\u00e9 iha, no inklui mos rekursu sira ne\u2019eb\u00e9 ami buka liu husi serbisu proviz\u00f3ria foinsa\u2019e sira nian iha tempu feriadu, ajuda externa, nst. Maski nune\u2019e ami nia obra edukativa sira tenki bele funsiona sein tulun husi Provincia, maizoumenos sein ajuda ne\u2019eb\u00e9 atu sustenta. Ba ida ne\u2019e, ami komesa ona ho pasu sira; hanesan konta ho numerokontribuisaun lok\u00e1l ne\u2019eb\u00e9 boot, produz ai-haan rasik no apoio boot husi Fundasaun Itaka- Eskolapios. Kona-ba obra edukativa foun sira ba oin, ami kalkula katak kriteriu ne\u2019e tenki konsidera ho s\u00e9riu.<\/p>\n<p><strong>Fatin seluk iha futuro?\u00a0<\/strong>Sedu demais liu atu koalia ida ne\u2019e&#8230;maibe ami hanoin hela iha zona Belu ka Malaka iha Timor Osident\u00e1l, tanba necesidade ba apoiu edukativu no atu hametin ami prezensa; ami hanoin mos iha Kalimantan, zona nesesariu ne\u2019ebe iha se\u00f1al diak ba desenvolvimentu no tanba zona ne\u2019e mos besik Malasia, iha ne\u2019eb\u00e9 Orden (Escolas Pias) hakarak atu avansa mos ami nia prezensa foun ida; Ikus liu mak Papua Osident\u00e1l (ne\u2019ebe dadaun ne\u2019e Indonesia mak kontrola) ne\u2019e mos hanesan zona neses\u00e1riu ida ne\u2019eb\u00e9 ami iha ona ligasaun.<\/p>\n<p>Biar nune\u2019e, dalaruma dezafiu ne\u2019ebe furak liu mak atu kria\u00a0<strong>Movimentu Calasanz<\/strong>\u00a0no buras iha leigu Kolaborador sira, hodi kria komunidade kristiana skolapia hahuu kedas agora.<\/p>\n<p>&nbsp;<\/p>\n","protected":false},"excerpt":{"rendered":"<p>Prezensa Skolapios sira nian iha Indonesia no Timor Leste habelar-an dadaun hela,\u00a0konta ho\u00a0vokasaun rasik husi nasaun rua ne\u2019e no ho apoiu husi relijiozu sira ho tinan boot no experiensia husi fatin sira seluk, hanesan agora dadaun iha relijiozu balu (husi Filipinas no Espa\u00f1a), nune \u0301e mos ho apoiu husi Provincia Betania liu husi tulun no [&hellip;]<\/p>\n","protected":false},"author":2,"featured_media":0,"parent":0,"menu_order":0,"comment_status":"closed","ping_status":"closed","template":"","meta":{"_et_pb_use_builder":"","_et_pb_old_content":"","_et_gb_content_width":"","footnotes":""},"class_list":["post-310","page","type-page","status-publish","hentry"],"_links":{"self":[{"href":"https:\/\/skolapios.org\/ttn\/wp-json\/wp\/v2\/pages\/310","targetHints":{"allow":["GET"]}}],"collection":[{"href":"https:\/\/skolapios.org\/ttn\/wp-json\/wp\/v2\/pages"}],"about":[{"href":"https:\/\/skolapios.org\/ttn\/wp-json\/wp\/v2\/types\/page"}],"author":[{"embeddable":true,"href":"https:\/\/skolapios.org\/ttn\/wp-json\/wp\/v2\/users\/2"}],"replies":[{"embeddable":true,"href":"https:\/\/skolapios.org\/ttn\/wp-json\/wp\/v2\/comments?post=310"}],"version-history":[{"count":0,"href":"https:\/\/skolapios.org\/ttn\/wp-json\/wp\/v2\/pages\/310\/revisions"}],"wp:attachment":[{"href":"https:\/\/skolapios.org\/ttn\/wp-json\/wp\/v2\/media?parent=310"}],"curies":[{"name":"wp","href":"https:\/\/api.w.org\/{rel}","templated":true}]}}