{"id":328,"date":"2016-10-14T11:58:36","date_gmt":"2016-10-14T11:58:36","guid":{"rendered":"https:\/\/skolapios.org\/vocacao-escolapia\/"},"modified":"2020-10-30T07:25:40","modified_gmt":"2020-10-30T07:25:40","slug":"vokasaun-skolapia","status":"publish","type":"page","link":"https:\/\/skolapios.org\/ttn\/vokasaun-skolapia\/","title":{"rendered":"Vokasaun Skolapia"},"content":{"rendered":"<p>Sai Skolapio mak dalan konkretu moris nian ida ba Na\u2019i nia boluka xamada atu haklaken Evanjellu, Na\u2019i nia prezensa iha ita le\u2019etno Reinu Maromak nian ne\u2019eb\u00e9 besik daudaun. Hanesanvokasaun hotu-hotu, iha parte husi Na\u2019i nia bolu depende ba itania hataan, haraik aan no liman nakloke.<\/p>\n<p>Ami hakarak ami nia maneira hataan ba Na\u2019i nia bolu hanesanho ami nia fundador, <a href=\"https:\/\/scolopi.org\/en\/calasanz\">Saun Jos\u00e9 Calasanz<\/a>,\u00a0katak\u00a0\u2013\u00a0depois\u00a0haree\u00a0tiharealidade\u00a0no\u00a0sente\u00a0katak\u00a0Maromak\u00a0nia\u00a0Liafuan\u00a0husu\u00a0resposta\u00a0ida\u00a0ba\u00a0nia\u00a0\u2013\u00a0nia\u00a0hataan\u00a0iha\u00a0s\u00e9kilu\u00a0XVI\u00a0besik\u00a0remata: \u201cHa\u2019u\u00a0hetantiha\u00a0ona\u00a0iha\u00a0Roma\u00a0dalan\u00a0di\u2019ak\u00a0liu\u00a0hodi\u00a0serv\u00ed\u00a0Maromak, halo\u00a0di\u2019ak\u00a0ba\u00a0labarik\u00a0sira\u00a0ne\u2019e\u00a0no\u00a0ha\u2019u\u00a0sei\u00a0la\u00a0husik\u00a0ida\u00a0ne\u2019e\u00a0tamba\u00a0buat\u00a0ida\u00a0iha\u00a0mundo\u00a0ne\u2019e.\u201d<\/p>\n<p>Bainhira\u00a0foin-sa\u2019e\u00a0ida\u00a0sente\u00a0hetan\u00a0bolu\u00a0atu\u00a0hamoris\u00a0misaun\u00a0ida\u00a0ne\u2019e\u00a0(link a misi\u00f3n),\u00a0tenki\u00a0kontaktu\u00a0ba\u00a0fatin\u00a0ne\u2019eb\u00e9\u00a0besik\u00a0no\u00a0hahuu\u00a0prosesu\u00a0ko\u00f1ese\u00a0malu.\u00a0Depois\u00a0bele\u00a0simu\u00a0nia\u00a0ba\u00a0aspirante\u00a0iha\u00a0ninia\u00a0nasaun,\u00a0iha\u00a0ne\u2019eb\u00e9\u00a0nia\u00a0sei\u00a0hala\u2019o\u00a0esperiensia\u00a0moris, aprende no\u00a0kolabora\u00a0ho\u00a0ami\u00a0iha\u00a0tinan\u00a0ida\u00a0nia\u00a0laran. Aspirante\u00a0liutiha\u00a0nia\u00a0bele\u00a0tama\u00a0ona\u00a0iha\u00a0formasaun\u00a0loloos: pre-novisiadu\u00a0(honivel\u00a0estudu\u00a0civil),\u00a0novisiadu\u00a0iha\u00a0Cebu\u00a0(Filipina), no\u00a0Junioratuiha\u00a0fatin\u00a0ne\u2019eb\u00e9\u00a0ida-idak\u00a0sei\u00a0kompleta\u00a0ninia\u00a0estudu,\u00a0bele\u00a0sivil\u00a0kaeklesiastiku. Formasaun tulun ita atu ko\u00f1ese malu di\u2019ak liu tan, haklean ita nia vokasaun iha ninia aspetu hotu-hotu, krese nu\u2019ud\u00e1r ema no relijiozu no prepara ita\u00a0aan ba misaun.<\/p>\n<p>Imi bele hare iha sesaun ida ne\u2019e tantu ema sira ne\u2019eb\u00e9 bele kontaktu no m\u00f3s naran husi foin-sa\u2019e sira ne\u2019eb\u00e9 hala\u2019o hela formasaun (ho fatin no etapa). Imi bele hatene <a href=\"https:\/\/serescolapio.org\/en\/\">m\u00f3s esperi\u00e9nsiavokasion\u00e1l sira balu husi Orden nian<\/a>.<\/p>\n<p>&nbsp;<\/p>\n","protected":false},"excerpt":{"rendered":"<p>Sai Skolapio mak dalan konkretu moris nian ida ba Na\u2019i nia boluka xamada atu haklaken Evanjellu, Na\u2019i nia prezensa iha ita le\u2019etno Reinu Maromak nian ne\u2019eb\u00e9 besik daudaun. Hanesanvokasaun hotu-hotu, iha parte husi Na\u2019i nia bolu depende ba itania hataan, haraik aan no liman nakloke. Ami hakarak ami nia maneira hataan ba Na\u2019i nia bolu [&hellip;]<\/p>\n","protected":false},"author":2,"featured_media":318,"parent":0,"menu_order":0,"comment_status":"closed","ping_status":"closed","template":"","meta":{"_et_pb_use_builder":"","_et_pb_old_content":"","_et_gb_content_width":"","footnotes":""},"class_list":["post-328","page","type-page","status-publish","has-post-thumbnail","hentry"],"_links":{"self":[{"href":"https:\/\/skolapios.org\/ttn\/wp-json\/wp\/v2\/pages\/328","targetHints":{"allow":["GET"]}}],"collection":[{"href":"https:\/\/skolapios.org\/ttn\/wp-json\/wp\/v2\/pages"}],"about":[{"href":"https:\/\/skolapios.org\/ttn\/wp-json\/wp\/v2\/types\/page"}],"author":[{"embeddable":true,"href":"https:\/\/skolapios.org\/ttn\/wp-json\/wp\/v2\/users\/2"}],"replies":[{"embeddable":true,"href":"https:\/\/skolapios.org\/ttn\/wp-json\/wp\/v2\/comments?post=328"}],"version-history":[{"count":0,"href":"https:\/\/skolapios.org\/ttn\/wp-json\/wp\/v2\/pages\/328\/revisions"}],"wp:featuredmedia":[{"embeddable":true,"href":"https:\/\/skolapios.org\/ttn\/wp-json\/wp\/v2\/media\/318"}],"wp:attachment":[{"href":"https:\/\/skolapios.org\/ttn\/wp-json\/wp\/v2\/media?parent=328"}],"curies":[{"name":"wp","href":"https:\/\/api.w.org\/{rel}","templated":true}]}}