{"id":454,"date":"2016-10-13T18:22:42","date_gmt":"2016-10-13T18:22:42","guid":{"rendered":"https:\/\/skolapios.org\/os-comecos-dos-escolapios-em-indonesia-e-em-timor-leste\/"},"modified":"2020-10-30T08:58:23","modified_gmt":"2020-10-30T08:58:23","slug":"inisiu-husi-skolapios-iha-indonesia-ni-timor-leste","status":"publish","type":"page","link":"https:\/\/skolapios.org\/ttn\/inisiu-husi-skolapios-iha-indonesia-ni-timor-leste\/","title":{"rendered":"In\u00edsiu husi Skol\u00e1pios iha Indonesia ni Timor-Leste"},"content":{"rendered":"<p>Iha tinan 2003, Skolapios hala\u2019o Kap\u00edtulu Jener\u00e1l iha Roma, husi ne\u2019e aprova tiha proposta atu hahuu iha Manila Semin\u00e1riu Internasion\u00e1l ida ba foin-sa\u2019e sira husi nasaun sira azi\u00e1tiku nian (Indon\u00e9zia, Vietnam, Timor-Leste,&#8230;). Ho ideia atu hahuu prosesu fundasaun iha nasaun sira ne\u2019e ho formasaun ba kandidatu dahuluk sira atu nune\u2019e ikus mai ho sira bele komesa marka prezensa iha nasaun foun sira ne\u2019e.<\/p>\n<p>Foin-sa\u2019e Indon\u00e9zia oan balu ne\u2019eb\u00e9 hetan kontaktu ho Skol\u00e1pios ne\u2019eb\u00e9 halo viajen husi Filipina ba Indon\u00e9zia hodi aprezenta vokasaun Skol\u00e1pia, liuliu iha illa Timor, tamba ami ko\u00f1ese relijiozu no relijioza sira balu ne\u2019eb\u00e9 tulun ami iha serbisu ida ne\u2019e, hahuu sira nia formasaun iha Manila. Ikus mai, sira balu kontinua sira nia formasaun iha Madrid.<\/p>\n<p>Iha Kap\u00edtulu Jener\u00e1l 2009 Vice-provincia Japaun-Filipina husu kolaborasaun husi Provinsia seluk hodi prepara fundasaun iha nasaun sira ne\u2019e. Provinsia foun Betania husi Provinsia Skol\u00e1pia Espa\u00f1ola nian simu dezafiu ne\u2019e hodi hahuu fundasaun foun iha Indon\u00e9zia no Timor-Leste.<\/p>\n<p>Iha Setembru 2011, Skol\u00e1pios Betania organiza viajen dahuluk ba Indon\u00e9zia hodi haree posibilidade ba fatin sira atu hahuu fundasaun iha ne\u2019eb\u00e1. Depois haree tiha fatin barak ikus mai konklui katak Atambua mak fatin di\u2019ak liu atu hahuu ami nia komunidade dahuluk. Ami sei iha hela Amu-Bispu nia liafuan di\u2019ak ne\u2019eb\u00e9 simu ami ho liman rua\u00a0\u00a0(\u201cnesesidade prinsip\u00e1l husi ami nia dioseze mak edukasaun, imi Orden edukativa ida: benvindu!), ho belun sira husi ne\u2019eb\u00e1 fasilita hela ami ba pasu sira dahuluk nian (Ma. Yasinta, RVM; Sr. Petrus, Claretianos\u2026) no ho sirkunst\u00e1nsia katak vokasaun sira dahuluk nian husi fatin ne\u2019e natoon ona.<\/p>\n<p>Iha Fevereiru 2013, Skol\u00e1pios dahuluk nain rua too iha Indon\u00e9zia ho funsaun atu loke komunidade no hahuu misaun iha fatin ne\u2019eb\u00e1: Victor Gil (Espa\u00f1a) no Marcelino Leo Lando (Indon\u00e9zia). Fulan balu liu tiha aumenta Anthony Redy (India) no Injonito da Krus (Indon\u00e9zia). Liu tiha tempu balu too m\u00f3s Jos\u00e9 Mario Ram\u00edrez, Judie Barsanas (sira rua Filipina), no Mart\u00edn Bravo (Colombia).<\/p>\n<p>Padre Jener\u00e1l la\u2019o tuir ho di\u2019ak iha pasu sira dahuluk ba misaun foun ne\u2019e no inklui hala\u2019o viajen barak hodi hatene fatin, ko\u2019alia ho Amu-Bispu no tulun ami halo dizernimentu ba ami nia desizaun sira. Ninia konsellu mak atu hahuu sein projetu ida prekonsebida, no sei husik hela ba realidade mak halo ami hanoin-hetan atu komesa ami nia misaun husi fatin ne\u2019eb\u00e9.<\/p>\n<p>La kleur de\u2019it ami hahuu oferese ona aprendizajen lian Ingl\u00e9s iha lokarik ba labarik sira husi bairu Tini (Atambua) iha uma ne\u2019eb\u00e9 ami aluga. Oras aula nian hotu tiha ami halimar ho sira. Nune\u2019e kuda hela fini ba fututu \u201cLearning with Calasanz\u201d ne\u2019eb\u00e9 tinan rua tuir mai hola forma iha ami nia komunidade foun iha Nekafehan.<\/p>\n<p>Ami balu komesa hanorin m\u00f3s iha eskola balu dioseze Atambua nian (Don Bosco, Surya, St. Yosef). Fulan balu liu tiha, depois ko\u00f1ese liu tan situasaun edukativa no ko\u2019alia ho ema barak iha fatin ne\u2019eb\u00e1 ami komprende katak ami nia kontribuisaun in\u00edsiu ba situasaun edukativa bele liu husi asrama ida ho objetivu atu simu labarik mane sira husi fatin rur\u00e1l ne\u2019eb\u00e9 presiza mai iha sidade hodi eskola iha Pre-Sekund\u00e1ria no Sekund\u00e1ria. Ami haree katak labarik sira ne\u2019e dalaruma falla iha estudu tamba la iha atensaun no akomp\u00f1amentu, bainhira hela dook husi sira nia familia. Asrama bele f\u00f3 formasaun integr\u00e1l ida ba sira. Ami deside hahuu konstrusaun ba asrama ne\u2019eb\u00e9 ikus mai bele simu eskola oan sira dahuluk nian iha 2016. Asrama ne\u2019e bele simu labarik Pre-Sekund\u00e1ria no Sekund\u00e1ria too nain 100.<\/p>\n<p>Ho aspirante (grupu dahuluk komesa sira nia formasaun iha fulan Agostu 2015) sira nia tulun haforsa liu tan \u201cLearning with Calasanz\u201d no n\u00fameru labarik sira aumenta husi loron ba loron. Agora Learning with Calasanz la\u2019os hanorin de\u2019it Ingl\u00e9s, maib\u00e9 materia sira seluk m\u00f3s, arte, formasaun moral no relijiaun, orasaun,\u2026 no halimar.<\/p>\n<p>Iha fulan Jullu 2016 hahuu loke iha Jogja komunidade Skol\u00e1pios daruak iha Indon\u00e9zia ba estudu universit\u00e1riu iha \u00e1rea edukasaun no formasaun ba pre-novisiu no j\u00fanior sira.\u00a0\u00a0Fo-foun iha j\u00fanior no pre-novisiu hamutuk nain 18 no Amu-lulik nain 2 (V\u00edctor no Jes\u00e9 Mario). Ikus ne\u2019e, ami iha uma 2, ida ba j\u00fanior sira no ida seluk ba pre-novisiu sira. Uma pre-novisiu nian ne\u2019e foin mak hahuu iha fulan Maiu 2020 ne\u2019e. Ohin loron, iha Jogja sura J\u00fanior no pre-novisiu sira hamutuk nain 40.<\/p>\n<p>Iha Janeiru 2020 Pe. Daniel Hallado muda ba Dili hamutuk ho J\u00fanior nain 2 hodi planu ba komunidade Skol\u00e1pios dahuluk iha Timor-Leste.<\/p>\n<p>No aventura ida ne\u2019e sei kontinua&#8230;<\/p>\n<p>&nbsp;<\/p>\n","protected":false},"excerpt":{"rendered":"<p>Iha tinan 2003, Skolapios hala\u2019o Kap\u00edtulu Jener\u00e1l iha Roma, husi ne\u2019e aprova tiha proposta atu hahuu iha Manila Semin\u00e1riu Internasion\u00e1l ida ba foin-sa\u2019e sira husi nasaun sira azi\u00e1tiku nian (Indon\u00e9zia, Vietnam, Timor-Leste,&#8230;). Ho ideia atu hahuu prosesu fundasaun iha nasaun sira ne\u2019e ho formasaun ba kandidatu dahuluk sira atu nune\u2019e ikus mai ho sira bele [&hellip;]<\/p>\n","protected":false},"author":2,"featured_media":0,"parent":0,"menu_order":0,"comment_status":"closed","ping_status":"closed","template":"","meta":{"_et_pb_use_builder":"","_et_pb_old_content":"","_et_gb_content_width":"","footnotes":""},"class_list":["post-454","page","type-page","status-publish","hentry"],"_links":{"self":[{"href":"https:\/\/skolapios.org\/ttn\/wp-json\/wp\/v2\/pages\/454","targetHints":{"allow":["GET"]}}],"collection":[{"href":"https:\/\/skolapios.org\/ttn\/wp-json\/wp\/v2\/pages"}],"about":[{"href":"https:\/\/skolapios.org\/ttn\/wp-json\/wp\/v2\/types\/page"}],"author":[{"embeddable":true,"href":"https:\/\/skolapios.org\/ttn\/wp-json\/wp\/v2\/users\/2"}],"replies":[{"embeddable":true,"href":"https:\/\/skolapios.org\/ttn\/wp-json\/wp\/v2\/comments?post=454"}],"version-history":[{"count":0,"href":"https:\/\/skolapios.org\/ttn\/wp-json\/wp\/v2\/pages\/454\/revisions"}],"wp:attachment":[{"href":"https:\/\/skolapios.org\/ttn\/wp-json\/wp\/v2\/media?parent=454"}],"curies":[{"name":"wp","href":"https:\/\/api.w.org\/{rel}","templated":true}]}}